{"id":2415,"date":"2025-03-06T12:00:58","date_gmt":"2025-03-06T12:00:58","guid":{"rendered":"https:\/\/vetdix30.com\/?page_id=2415"},"modified":"2025-03-06T12:03:45","modified_gmt":"2025-03-06T12:03:45","slug":"renew-form","status":"publish","type":"page","link":"https:\/\/vetdix30.com\/en\/renew-form\/","title":{"rendered":"Renew Form"},"content":{"rendered":"\n\t<section class=\"section\" id=\"section_1290753786\">\n\t\t<div class=\"section-bg fill\" >\n\t\t\t\t\t\t\t\t\t\n\t\t\t\n\n\t\t<\/div>\n\n\t\t\n\n\t\t<div class=\"section-content relative\">\n\t\t\t\n\t<div id=\"gap-80820424\" class=\"gap-element clearfix\" style=\"display:block; height:auto;\">\n\t\t\n<style>\n#gap-80820424 {\n  padding-top: 60px;\n}\n@media (min-width:550px) {\n  #gap-80820424 {\n    padding-top: 90px;\n  }\n}\n<\/style>\n\t<\/div>\n\t\n<div class=\"row\" style=\"max-width:1350px\" id=\"row-1305906538\">\n\n\t<div id=\"col-771941762\" class=\"col small-12 large-12\"  >\n\t\t\t\t<div class=\"col-inner\"  >\n\t\t\t\n\t\t\t\n\n<div class=\"wpcf7 no-js\" id=\"wpcf7-f1312-o1\" lang=\"en-US\" dir=\"ltr\" data-wpcf7-id=\"1312\">\n<div class=\"screen-reader-response\"><p role=\"status\" aria-live=\"polite\" aria-atomic=\"true\"><\/p> <ul><\/ul><\/div>\n<form action=\"\/en\/wp-json\/wp\/v2\/pages\/2415#wpcf7-f1312-o1\" method=\"post\" class=\"wpcf7-form init\" aria-label=\"Contact form\" novalidate=\"novalidate\" data-status=\"init\">\n<fieldset class=\"hidden-fields-container\"><input type=\"hidden\" name=\"_wpcf7\" value=\"1312\" \/><input type=\"hidden\" name=\"_wpcf7_version\" value=\"6.1.4\" \/><input type=\"hidden\" name=\"_wpcf7_locale\" value=\"en_US\" \/><input type=\"hidden\" name=\"_wpcf7_unit_tag\" value=\"wpcf7-f1312-o1\" \/><input type=\"hidden\" name=\"_wpcf7_container_post\" value=\"0\" \/><input type=\"hidden\" name=\"_wpcf7_posted_data_hash\" value=\"\" \/><input type=\"hidden\" name=\"_wpcf7cf_hidden_group_fields\" value=\"[]\" \/><input type=\"hidden\" name=\"_wpcf7cf_hidden_groups\" value=\"[]\" \/><input type=\"hidden\" name=\"_wpcf7cf_visible_groups\" value=\"[]\" \/><input type=\"hidden\" name=\"_wpcf7cf_repeaters\" value=\"[]\" \/><input type=\"hidden\" name=\"_wpcf7cf_steps\" value=\"{}\" \/><input type=\"hidden\" name=\"_wpcf7cf_options\" value=\"{&quot;form_id&quot;:1312,&quot;conditions&quot;:[],&quot;settings&quot;:{&quot;animation&quot;:&quot;yes&quot;,&quot;animation_intime&quot;:200,&quot;animation_outtime&quot;:200,&quot;conditions_ui&quot;:&quot;normal&quot;,&quot;notice_dismissed&quot;:false}}\" \/><input type=\"hidden\" name=\"_wpcf7_recaptcha_response\" value=\"\" \/>\n<\/fieldset>\n<div class=\"uacf7-form-wrapper-container uacf7-form-1312  \"><div class=\"popup-cf\">\n    <div class=\"form-grid\">\n        <div class=\"form-group\">\n            <label for=\"animal-first-name\">Pet's First Name*<\/label>\n            <span class=\"wpcf7-form-control-wrap\" data-name=\"animal-first-name\"><input size=\"40\" maxlength=\"400\" class=\"wpcf7-form-control wpcf7-text wpcf7-validates-as-required\" id=\"animal-first-name\" aria-required=\"true\" aria-invalid=\"false\" value=\"\" type=\"text\" name=\"animal-first-name\" \/><\/span>\n        <\/div>\n        <div class=\"form-group\">\n            <label for=\"animal-last-name\">Pet's Last Name*<\/label>\n            <span class=\"wpcf7-form-control-wrap\" data-name=\"animal-last-name\"><input size=\"40\" maxlength=\"400\" class=\"wpcf7-form-control wpcf7-text wpcf7-validates-as-required\" id=\"animal-last-name\" aria-required=\"true\" aria-invalid=\"false\" value=\"\" type=\"text\" name=\"animal-last-name\" \/><\/span>\n        <\/div>\n        <div class=\"form-group\">\n            <label for=\"medication-name\">Medication Name*<\/label>\n            <span class=\"wpcf7-form-control-wrap\" data-name=\"medication-name\"><input size=\"40\" maxlength=\"400\" class=\"wpcf7-form-control wpcf7-text wpcf7-validates-as-required\" id=\"medication-name\" aria-required=\"true\" aria-invalid=\"false\" value=\"\" type=\"text\" name=\"medication-name\" \/><\/span>\n        <\/div>\n        <div class=\"form-group\">\n            <label for=\"dose\">Dosage*<\/label>\n            <span class=\"wpcf7-form-control-wrap\" data-name=\"dose\"><input size=\"40\" maxlength=\"400\" class=\"wpcf7-form-control wpcf7-text wpcf7-validates-as-required\" id=\"dose\" aria-required=\"true\" aria-invalid=\"false\" value=\"\" type=\"text\" name=\"dose\" \/><\/span>\n        <\/div>\n        <div class=\"form-group\">\n            <label for=\"frequency\">Frequency*<\/label>\n            <span class=\"wpcf7-form-control-wrap\" data-name=\"frequency\"><input size=\"40\" maxlength=\"400\" class=\"wpcf7-form-control wpcf7-text wpcf7-validates-as-required\" id=\"frequency\" aria-required=\"true\" aria-invalid=\"false\" value=\"\" type=\"text\" name=\"frequency\" \/><\/span>\n        <\/div>\n        <div class=\"form-group\">\n            <label for=\"quantity\">Desired Quantity*<\/label>\n            <span class=\"wpcf7-form-control-wrap\" data-name=\"quantity\"><select class=\"wpcf7-form-control wpcf7-select wpcf7-validates-as-required\" id=\"quantity\" aria-required=\"true\" aria-invalid=\"false\" name=\"quantity\"><option value=\"Select quantity\">Select quantity<\/option><option value=\"1 Month\">1 Month<\/option><option value=\"2 Months\">2 Months<\/option><option value=\"3 Months\">3 Months<\/option><option value=\"Other\">Other<\/option><\/select><\/span>\n        <\/div>\n        <div class=\"form-group\">\n            <label for=\"clinic\">Select a Clinic*<\/label>\n            <span class=\"wpcf7-form-control-wrap\" data-name=\"clinic\"><select class=\"wpcf7-form-control wpcf7-select wpcf7-validates-as-required\" id=\"clinic\" aria-required=\"true\" aria-invalid=\"false\" name=\"clinic\"><option value=\"Select clinic\">Select clinic<\/option><option value=\"Vet DIX30\">Vet DIX30<\/option><option value=\"Vet Griffintown\">Vet Griffintown<\/option><\/select><\/span>\n            <input class=\"wpcf7-form-control wpcf7-hidden\" value=\"\" type=\"hidden\" name=\"clinic-email\" \/>\n        <\/div>\n        <div class=\"form-group\">\n            <label for=\"phone\">Phone Number*<\/label>\n            <span class=\"wpcf7-form-control-wrap\" data-name=\"phone\"><input size=\"40\" maxlength=\"400\" class=\"wpcf7-form-control wpcf7-tel wpcf7-validates-as-required wpcf7-text wpcf7-validates-as-tel\" id=\"phone\" aria-required=\"true\" aria-invalid=\"false\" value=\"\" type=\"tel\" name=\"phone\" \/><\/span>\n        <\/div>\n    <\/div>\n    <div class=\"form-group\">\n        <label>How is your pet doing with this medication?*<\/label>\n        <span class=\"wpcf7-form-control-wrap\" data-name=\"health-status\"><span class=\"wpcf7-form-control wpcf7-radio\"><span class=\"wpcf7-list-item first\"><label><input type=\"radio\" name=\"health-status\" value=\"Very well\" checked=\"checked\" \/><span class=\"wpcf7-list-item-label\">Very well<\/span><\/label><\/span><span class=\"wpcf7-list-item\"><label><input type=\"radio\" name=\"health-status\" value=\"Not as well as expected\" \/><span class=\"wpcf7-list-item-label\">Not as well as expected<\/span><\/label><\/span><span class=\"wpcf7-list-item\"><label><input type=\"radio\" name=\"health-status\" value=\"I am having difficulty administering the medication\" \/><span class=\"wpcf7-list-item-label\">I am having difficulty administering the medication<\/span><\/label><\/span><span class=\"wpcf7-list-item last\"><label><input type=\"radio\" name=\"health-status\" value=\"I have questions for the veterinarian about this medication\" \/><span class=\"wpcf7-list-item-label\">I have questions for the veterinarian about this medication<\/span><\/label><\/span><\/span><\/span>\n    <\/div>\n    <div class=\"form-consent\">\n        <span class=\"wpcf7-form-control-wrap\" data-name=\"terms\"><span class=\"wpcf7-form-control wpcf7-checkbox wpcf7-validates-as-required\"><span class=\"wpcf7-list-item first last\"><input type=\"checkbox\" name=\"terms[]\" value=\"I have read and accept the website&#039;s terms and conditions, and I consent to receive written communications from the Quartier DIX30 Veterinary Clinic.\" \/><span class=\"wpcf7-list-item-label\">I have read and accept the website&#039;s terms and conditions, and I consent to receive written communications from the Quartier DIX30 Veterinary Clinic.<\/span><\/span><\/span><\/span>\n    <\/div>\n    <div class=\"form-footer\">\n        <input class=\"wpcf7-form-control wpcf7-submit has-spinner\" type=\"submit\" value=\"Send\" \/>\n    <\/div>\n    <div class=\"form-note\">\n        <p>Please note that preparing your prescription may take between 3 to 5 business days.<\/p>\n    <\/div>\n<\/div><\/div><div class=\"wpcf7-response-output\" aria-hidden=\"true\"><\/div>\n<\/form>\n<\/div>\n\n\t\t<\/div>\n\t\t\t\t\t<\/div>\n\n\t\n<\/div>\n\t<div id=\"gap-267038297\" class=\"gap-element clearfix\" style=\"display:block; height:auto;\">\n\t\t\n<style>\n#gap-267038297 {\n  padding-top: 60px;\n}\n@media (min-width:550px) {\n  #gap-267038297 {\n    padding-top: 60px;\n  }\n}\n<\/style>\n\t<\/div>\n\t\n\t\t<\/div>\n\n\t\t\n<style>\n#section_1290753786 {\n  padding-top: 0px;\n  padding-bottom: 0px;\n  background-color: rgb(227, 241, 240);\n}\n<\/style>\n\t<\/section>\n\t\n\n\t<section class=\"section\" id=\"section_1858548977\">\n\t\t<div class=\"section-bg fill\" >\n\t\t\t\t\t\t\t\t\t\n\t\t\t\n\n\t\t<\/div>\n\n\t\t\n\n\t\t<div class=\"section-content relative\">\n\t\t\t\n\t<div id=\"gap-928456186\" class=\"gap-element clearfix\" style=\"display:block; height:auto;\">\n\t\t\n<style>\n#gap-928456186 {\n  padding-top: 30px;\n}\n@media (min-width:550px) {\n  #gap-928456186 {\n    padding-top: 60px;\n  }\n}\n<\/style>\n\t<\/div>\n\t\n<div class=\"row align-center\" style=\"max-width:1350px\" id=\"row-9769414\">\n\n\t<div id=\"col-732284090\" class=\"col hide-for-small medium-2 small-12 large-2\"  >\n\t\t\t\t<div class=\"col-inner text-left\"  >\n\t\t\t\n\t\t\t\n\t<div class=\"img has-hover x md-x lg-x y md-y lg-y\" id=\"image_1225358561\">\n\t\t\t\t\t\t\t\t<div class=\"img-inner dark\" >\n\t\t\t<img loading=\"lazy\" decoding=\"async\" width=\"640\" height=\"423\" src=\"https:\/\/vetdix30.com\/wp-content\/uploads\/2025\/03\/vet_dix30_new_logo.png?wsr\" class=\"attachment-original size-original\" alt=\"\" srcset=\"https:\/\/vetdix30.com\/wp-content\/uploads\/2025\/03\/vet_dix30_new_logo.png 640w, https:\/\/vetdix30.com\/wp-content\/uploads\/2025\/03\/vet_dix30_new_logo-300x198.png 300w\" sizes=\"auto, (max-width: 640px) 100vw, 640px\" \/>\t\t\t\t\t\t\n\t\t\t\t\t<\/div>\n\t\t\t\t\t\t\t\t\n<style>\n#image_1225358561 {\n  width: 70%;\n}\n<\/style>\n\t<\/div>\n\t\n\t\t<\/div>\n\t\t\t\t\n<style>\n#col-732284090 > .col-inner {\n  padding: 0px 0px 0px 0px;\n}\n<\/style>\n\t<\/div>\n\n\t\n\n\t<div id=\"col-1420026870\" class=\"col show-for-small medium-4 small-6 large-4\"  >\n\t\t\t\t<div class=\"col-inner text-center\"  >\n\t\t\t\n\t\t\t\n\t<div class=\"img has-hover x md-x lg-x y md-y lg-y\" id=\"image_602903716\">\n\t\t\t\t\t\t\t\t<div class=\"img-inner dark\" >\n\t\t\t<img loading=\"lazy\" decoding=\"async\" width=\"640\" height=\"423\" src=\"https:\/\/vetdix30.com\/wp-content\/uploads\/2025\/03\/vet_dix30_new_logo.png?wsr\" class=\"attachment-original size-original\" alt=\"\" srcset=\"https:\/\/vetdix30.com\/wp-content\/uploads\/2025\/03\/vet_dix30_new_logo.png 640w, https:\/\/vetdix30.com\/wp-content\/uploads\/2025\/03\/vet_dix30_new_logo-300x198.png 300w\" sizes=\"auto, (max-width: 640px) 100vw, 640px\" \/>\t\t\t\t\t\t\n\t\t\t\t\t<\/div>\n\t\t\t\t\t\t\t\t\n<style>\n#image_602903716 {\n  width: 100%;\n}\n@media (min-width:550px) {\n  #image_602903716 {\n    width: 50%;\n  }\n}\n<\/style>\n\t<\/div>\n\t\n\t\t<\/div>\n\t\t\t\t\n<style>\n#col-1420026870 > .col-inner {\n  padding: 0px 0px 0px 0px;\n}\n@media (min-width:550px) {\n  #col-1420026870 > .col-inner {\n    padding: 0px 0px 0px 30px;\n  }\n}\n<\/style>\n\t<\/div>\n\n\t\n\n\t<div id=\"col-518327513\" class=\"col medium-3 small-12 large-3\"  >\n\t\t\t\t<div class=\"col-inner\"  >\n\t\t\t\n\t\t\t\n\t<div id=\"text-2604915829\" class=\"text\">\n\t\t\n<p><span style=\"font-weight: 500;\">DIX30<\/span><br \/>\n\t\t\n<style>\n#text-2604915829 {\n  font-size: 1.1rem;\n  text-align: center;\n  color: rgb(255,255,255);\n}\n#text-2604915829 > * {\n  color: rgb(255,255,255);\n}\n@media (min-width:550px) {\n  #text-2604915829 {\n    text-align: left;\n  }\n}\n<\/style>\n\t<\/div>\n\t\n\n\t<a class=\"plain\" href=\"https:\/\/maps.app.goo.gl\/521Dd16BNEgRmsi19\" target=\"_blank\" rel=\"noopener\">\t<div class=\"icon-box featured-box icon-box-left text-left\"  >\n\t\t\t\t\t<div class=\"icon-box-img\" style=\"width: 20px\">\n\t\t\t\t<div class=\"icon\">\n\t\t\t\t\t<div class=\"icon-inner\" >\n\t\t\t\t\t\t<img loading=\"lazy\" decoding=\"async\" width=\"71\" height=\"88\" src=\"https:\/\/vetdix30.com\/wp-content\/uploads\/2025\/01\/pin-new-n.png?wsr\" class=\"attachment-medium size-medium\" alt=\"\" \/>\t\t\t\t\t<\/div>\n\t\t\t\t<\/div>\n\t\t\t<\/div>\n\t\t\t\t<div class=\"icon-box-text last-reset\">\n\t\t\t\t\t\t\t\t\t\n\t<div id=\"text-257221829\" class=\"text\">\n\t\t\n<p>9840-20, boul. Leduc<br \/>\nBrossard, QC J4Y 0B4<br \/>\n\t\t\n<style>\n#text-257221829 {\n  font-size: 0.9rem;\n  color: rgb(255,255,255);\n}\n#text-257221829 > * {\n  color: rgb(255,255,255);\n}\n<\/style>\n\t<\/div>\n\t\n\t\t<\/div>\n\t<\/div>\n\t<\/a>\n\t\n\n\t<a class=\"plain\" href=\"tel:(450)%20812-8483\" >\t<div class=\"icon-box featured-box icon-box-left text-left\"  >\n\t\t\t\t\t<div class=\"icon-box-img\" style=\"width: 20px\">\n\t\t\t\t<div class=\"icon\">\n\t\t\t\t\t<div class=\"icon-inner\" style=\"color:rgb(1, 51, 52);\">\n\t\t\t\t\t\t<img loading=\"lazy\" decoding=\"async\" width=\"81\" height=\"81\" src=\"https:\/\/vetdix30.com\/wp-content\/uploads\/2025\/01\/phone-new-n.png?wsr\" class=\"attachment-medium size-medium\" alt=\"\" \/>\t\t\t\t\t<\/div>\n\t\t\t\t<\/div>\n\t\t\t<\/div>\n\t\t\t\t<div class=\"icon-box-text last-reset\">\n\t\t\t\t\t\t\t\t\t\n\t<div id=\"text-2791012841\" class=\"text\">\n\t\t\n<p>(450) 812-8483<br \/>\n\t\t\n<style>\n#text-2791012841 {\n  font-size: 0.9rem;\n  color: rgb(255,255,255);\n}\n#text-2791012841 > * {\n  color: rgb(255,255,255);\n}\n<\/style>\n\t<\/div>\n\t\n\t\t<\/div>\n\t<\/div>\n\t<\/a>\n\t\n\n\t<a class=\"plain\" href=\"mailto:clinique@vetdix30.com\" >\t<div class=\"icon-box featured-box icon-box-left text-left\"  >\n\t\t\t\t\t<div class=\"icon-box-img\" style=\"width: 20px\">\n\t\t\t\t<div class=\"icon\">\n\t\t\t\t\t<div class=\"icon-inner\" style=\"color:rgb(1, 51, 52);\">\n\t\t\t\t\t\t<img loading=\"lazy\" decoding=\"async\" width=\"76\" height=\"60\" src=\"https:\/\/vetdix30.com\/wp-content\/uploads\/2025\/01\/mail-new-n.png?wsr\" class=\"attachment-medium size-medium\" alt=\"\" \/>\t\t\t\t\t<\/div>\n\t\t\t\t<\/div>\n\t\t\t<\/div>\n\t\t\t\t<div class=\"icon-box-text last-reset\">\n\t\t\t\t\t\t\t\t\t\n\t<div id=\"text-2219121443\" class=\"text\">\n\t\t\n<p>clinique@vetdix30.com<br \/>\n\t\t\n<style>\n#text-2219121443 {\n  font-size: 0.9rem;\n  color: rgb(255,255,255);\n}\n#text-2219121443 > * {\n  color: rgb(255,255,255);\n}\n<\/style>\n\t<\/div>\n\t\n\t\t<\/div>\n\t<\/div>\n\t<\/a>\n\t\n\n<ul id=\"\" class=\"cnss-social-icon sm-icons\" style=\"text-align:left; text-align:-webkit-left; align-self:start; margin: 0 auto;\">\t\t<li class=\"cn-fa-facebook\" style=\"display:inline-block;\"><a class=\"\" target=\"_blank\" href=\"https:\/\/www.facebook.com\/Clinique-v%C3%A9t%C3%A9rinaire-Quartier-DIX30-209419305764016\/\" title=\"Facebook\" style=\"\" rel=\"noopener\"><img loading=\"lazy\" decoding=\"async\" src=\"https:\/\/vetdix30.com\/wp-content\/uploads\/2025\/03\/facebook-new-white.png\" border=\"0\" width=\"18\" height=\"18\" alt=\"Facebook\" title=\"Facebook\" style=\"margin:2px;\" \/><\/a><\/li>\t\t<li class=\"cn-fa-instagram\" style=\"display:inline-block;\"><a class=\"\" target=\"_blank\" href=\"https:\/\/www.instagram.com\/vetdix30\/\" title=\"Instagram\" style=\"\" rel=\"noopener\"><img loading=\"lazy\" decoding=\"async\" src=\"https:\/\/vetdix30.com\/wp-content\/uploads\/2025\/03\/instagram-wht-new.png\" border=\"0\" width=\"18\" height=\"18\" alt=\"Instagram\" title=\"Instagram\" style=\"margin:2px;\" \/><\/a><\/li><\/ul>\r\n\t\r\n\t\n\n\t\t<\/div>\n\t\t\t\t\t<\/div>\n\n\t\n\n\t<div id=\"col-1017384436\" class=\"col medium-3 small-12 large-3\"  >\n\t\t\t\t<div class=\"col-inner\"  >\n\t\t\t\n\t\t\t\n\t<div id=\"text-2450355201\" class=\"text\">\n\t\t\n<p><span style=\"font-weight: 500;\">Griffintown<\/span><\/p>\n<div id=\"gtx-trans\" style=\"position: absolute; left: 282px; top: 34.3984px;\">\n<div class=\"gtx-trans-icon\"><\/div>\n<\/div>\n\t\t\n<style>\n#text-2450355201 {\n  font-size: 1.1rem;\n  text-align: center;\n  color: rgb(255,255,255);\n}\n#text-2450355201 > * {\n  color: rgb(255,255,255);\n}\n@media (min-width:550px) {\n  #text-2450355201 {\n    text-align: left;\n  }\n}\n<\/style>\n\t<\/div>\n\t\n\n\t<a class=\"plain\" href=\"https:\/\/maps.app.goo.gl\/uoDHKmfRrg7ucEhZ9\" target=\"_blank\" rel=\"noopener\">\t<div class=\"icon-box featured-box icon-box-left text-left\"  >\n\t\t\t\t\t<div class=\"icon-box-img\" style=\"width: 20px\">\n\t\t\t\t<div class=\"icon\">\n\t\t\t\t\t<div class=\"icon-inner\" >\n\t\t\t\t\t\t<img loading=\"lazy\" decoding=\"async\" width=\"71\" height=\"88\" src=\"https:\/\/vetdix30.com\/wp-content\/uploads\/2025\/01\/pin-new-n.png?wsr\" class=\"attachment-medium size-medium\" alt=\"\" \/>\t\t\t\t\t<\/div>\n\t\t\t\t<\/div>\n\t\t\t<\/div>\n\t\t\t\t<div class=\"icon-box-text last-reset\">\n\t\t\t\t\t\t\t\t\t\n\t<div id=\"text-2939240855\" class=\"text\">\n\t\t\n<p>2358 rue Notre-Dame Ouest<br \/>\nMontr\u00e9al, QC H3J 1N4<\/p>\n<div id=\"gtx-trans\" style=\"position: absolute; left: 73px; top: 55.9922px;\">\n<div class=\"gtx-trans-icon\"><\/div>\n<\/div>\n\t\t\n<style>\n#text-2939240855 {\n  font-size: 0.9rem;\n  color: rgb(255,255,255);\n}\n#text-2939240855 > * {\n  color: rgb(255,255,255);\n}\n<\/style>\n\t<\/div>\n\t\n\t\t<\/div>\n\t<\/div>\n\t<\/a>\n\t\n\n\t<a class=\"plain\" href=\"tel:(438)%20384-3553\" >\t<div class=\"icon-box featured-box icon-box-left text-left\"  >\n\t\t\t\t\t<div class=\"icon-box-img\" style=\"width: 20px\">\n\t\t\t\t<div class=\"icon\">\n\t\t\t\t\t<div class=\"icon-inner\" style=\"color:rgb(1, 51, 52);\">\n\t\t\t\t\t\t<img loading=\"lazy\" decoding=\"async\" width=\"81\" height=\"81\" src=\"https:\/\/vetdix30.com\/wp-content\/uploads\/2025\/01\/phone-new-n.png?wsr\" class=\"attachment-medium size-medium\" alt=\"\" \/>\t\t\t\t\t<\/div>\n\t\t\t\t<\/div>\n\t\t\t<\/div>\n\t\t\t\t<div class=\"icon-box-text last-reset\">\n\t\t\t\t\t\t\t\t\t\n\t<div id=\"text-2774118384\" class=\"text\">\n\t\t\n<p>(438) 384-3553<br \/>\n\t\t\n<style>\n#text-2774118384 {\n  font-size: 0.9rem;\n  color: rgb(255,255,255);\n}\n#text-2774118384 > * {\n  color: rgb(255,255,255);\n}\n<\/style>\n\t<\/div>\n\t\n\t\t<\/div>\n\t<\/div>\n\t<\/a>\n\t\n\n\t<a class=\"plain\" href=\"mailto:vetgriffintown@gmail.com\" >\t<div class=\"icon-box featured-box icon-box-left text-left\"  >\n\t\t\t\t\t<div class=\"icon-box-img\" style=\"width: 20px\">\n\t\t\t\t<div class=\"icon\">\n\t\t\t\t\t<div class=\"icon-inner\" style=\"color:rgb(1, 51, 52);\">\n\t\t\t\t\t\t<img loading=\"lazy\" decoding=\"async\" width=\"76\" height=\"60\" src=\"https:\/\/vetdix30.com\/wp-content\/uploads\/2025\/01\/mail-new-n.png?wsr\" class=\"attachment-medium size-medium\" alt=\"\" \/>\t\t\t\t\t<\/div>\n\t\t\t\t<\/div>\n\t\t\t<\/div>\n\t\t\t\t<div class=\"icon-box-text last-reset\">\n\t\t\t\t\t\t\t\t\t\n\t<div id=\"text-1065756229\" class=\"text\">\n\t\t\n<p>vetgriffintown@gmail.com<br \/>\n\t\t\n<style>\n#text-1065756229 {\n  font-size: 0.9rem;\n  color: rgb(255,255,255);\n}\n#text-1065756229 > * {\n  color: rgb(255,255,255);\n}\n<\/style>\n\t<\/div>\n\t\n\t\t<\/div>\n\t<\/div>\n\t<\/a>\n\t\n\n<ul id=\"\" class=\"cnss-social-icon sm-icons\" style=\"text-align:left; text-align:-webkit-left; align-self:start; margin: 0 auto;\">\t\t<li class=\"cn-fa-facebook\" style=\"display:inline-block;\"><a class=\"\" target=\"_blank\" href=\"https:\/\/www.facebook.com\/vetgriffintown\/\" title=\"Facebook\" style=\"\" rel=\"noopener\"><img loading=\"lazy\" decoding=\"async\" src=\"https:\/\/vetdix30.com\/wp-content\/uploads\/2025\/03\/facebook-new-white.png\" border=\"0\" width=\"18\" height=\"18\" alt=\"Facebook\" title=\"Facebook\" style=\"margin:2px;\" \/><\/a><\/li>\t\t<li class=\"cn-fa-instagram\" style=\"display:inline-block;\"><a class=\"\" target=\"_blank\" href=\"https:\/\/www.instagram.com\/vetgriffintown\/\" title=\"Instagram\" style=\"\" rel=\"noopener\"><img loading=\"lazy\" decoding=\"async\" src=\"https:\/\/vetdix30.com\/wp-content\/uploads\/2025\/03\/instagram-wht-new.png\" border=\"0\" width=\"18\" height=\"18\" alt=\"Instagram\" title=\"Instagram\" style=\"margin:2px;\" \/><\/a><\/li><\/ul>\r\n\t\r\n\t\n\n\t\t<\/div>\n\t\t\t\t\t<\/div>\n\n\t\n\n\t<div id=\"col-2078725460\" class=\"col medium-4 small-12 large-4\"  >\n\t\t\t\t<div class=\"col-inner\"  >\n\t\t\t\n\t\t\t\n\t<div id=\"text-3978308457\" class=\"text\">\n\t\t\n<p>Restez inform\u00e9!<\/p>\n<div id=\"gtx-trans\" style=\"position: absolute; left: 322px; top: 34.3984px;\">\n<div class=\"gtx-trans-icon\"><\/div>\n<\/div>\n\t\t\n<style>\n#text-3978308457 {\n  font-size: 1.1rem;\n  text-align: center;\n  color: rgb(255,255,255);\n}\n#text-3978308457 > * {\n  color: rgb(255,255,255);\n}\n<\/style>\n\t<\/div>\n\t\n\n<div class=\"wpcf7 no-js\" id=\"wpcf7-f1311-o2\" lang=\"en-US\" dir=\"ltr\" data-wpcf7-id=\"1311\">\n<div class=\"screen-reader-response\"><p role=\"status\" aria-live=\"polite\" aria-atomic=\"true\"><\/p> <ul><\/ul><\/div>\n<form action=\"\/en\/wp-json\/wp\/v2\/pages\/2415#wpcf7-f1311-o2\" method=\"post\" class=\"wpcf7-form init\" aria-label=\"Contact form\" novalidate=\"novalidate\" data-status=\"init\">\n<fieldset class=\"hidden-fields-container\"><input type=\"hidden\" name=\"_wpcf7\" value=\"1311\" \/><input type=\"hidden\" name=\"_wpcf7_version\" value=\"6.1.4\" \/><input type=\"hidden\" name=\"_wpcf7_locale\" value=\"en_US\" \/><input type=\"hidden\" name=\"_wpcf7_unit_tag\" value=\"wpcf7-f1311-o2\" \/><input type=\"hidden\" name=\"_wpcf7_container_post\" value=\"0\" \/><input type=\"hidden\" name=\"_wpcf7_posted_data_hash\" value=\"\" \/><input type=\"hidden\" name=\"_wpcf7cf_hidden_group_fields\" value=\"[]\" \/><input type=\"hidden\" name=\"_wpcf7cf_hidden_groups\" value=\"[]\" \/><input type=\"hidden\" name=\"_wpcf7cf_visible_groups\" value=\"[]\" \/><input type=\"hidden\" name=\"_wpcf7cf_repeaters\" value=\"[]\" \/><input type=\"hidden\" name=\"_wpcf7cf_steps\" value=\"{}\" \/><input type=\"hidden\" name=\"_wpcf7cf_options\" value=\"{&quot;form_id&quot;:1311,&quot;conditions&quot;:[],&quot;settings&quot;:{&quot;animation&quot;:&quot;yes&quot;,&quot;animation_intime&quot;:200,&quot;animation_outtime&quot;:200,&quot;conditions_ui&quot;:&quot;normal&quot;,&quot;notice_dismissed&quot;:false}}\" \/><input type=\"hidden\" name=\"_wpcf7_recaptcha_response\" value=\"\" \/>\n<\/fieldset>\n<div class=\"uacf7-form-wrapper-container uacf7-form-1311  \"><div class=\"newsletter-form-row\">\n    <div class=\"newsletter-form-column\">\n        <span class=\"wpcf7-form-control-wrap\" data-name=\"your-email\"><input size=\"40\" maxlength=\"400\" class=\"wpcf7-form-control wpcf7-email wpcf7-validates-as-required wpcf7-text wpcf7-validates-as-email newsletter-form-input\" id=\"your-email\" aria-required=\"true\" aria-invalid=\"false\" placeholder=\"Enter your email\" value=\"\" type=\"email\" name=\"your-email\" \/><\/span>\n    <\/div>\n    <div class=\"newsletter-form-column\">\n        <input class=\"wpcf7-form-control wpcf7-submit has-spinner newsletter-form-submit\" type=\"submit\" value=\"Subscribe to our newsletter\" \/>\n    <\/div>\n<\/div><\/div><div class=\"wpcf7-response-output\" aria-hidden=\"true\"><\/div>\n<\/form>\n<\/div>\n\n\t\t<\/div>\n\t\t\t\t\t<\/div>\n\n\t\n<\/div>\n<div class=\"row\" style=\"max-width:1350px\" id=\"row-1768839184\">\n\n\t<div id=\"col-2024980064\" class=\"col medium-7 small-12 large-7\"  >\n\t\t\t\t<div class=\"col-inner\"  >\n\t\t\t\n\t\t\t\n\t<div id=\"text-1718533578\" class=\"text\">\n\t\t\n<p>\u00a9 Droits d&#8217;auteur Clinique v\u00e9t\u00e9rinaire Quartier DIX30. Tous droits r\u00e9serv\u00e9s.<br \/>\n\t\t\n<style>\n#text-1718533578 {\n  font-size: 0.9rem;\n  text-align: center;\n  color: rgb(255,255,255);\n}\n#text-1718533578 > * {\n  color: rgb(255,255,255);\n}\n@media (min-width:550px) {\n  #text-1718533578 {\n    text-align: left;\n  }\n}\n<\/style>\n\t<\/div>\n\t\n\t\t<\/div>\n\t\t\t\t\n<style>\n#col-2024980064 > .col-inner {\n  padding: 0px 0px 0px 0px;\n}\n@media (min-width:550px) {\n  #col-2024980064 > .col-inner {\n    padding: 0px 0px 0px 30px;\n  }\n}\n<\/style>\n\t<\/div>\n\n\t\n\n\t<div id=\"col-730362956\" class=\"col medium-5 small-12 large-5\"  >\n\t\t\t\t<div class=\"col-inner\"  >\n\t\t\t\n\t\t\t\n\t<div id=\"text-1587074113\" class=\"text\">\n\t\t\n<p>Politique de confidentialit\u00e9\u00a0 \u00a0 \u00a0 \u00a0 \u00a0Conditions d&#8217;utilisation<\/p>\n<div id=\"gtx-trans\" style=\"position: absolute; left: 243px; top: 34.3984px;\">\n<div class=\"gtx-trans-icon\"><\/div>\n<\/div>\n<div id=\"gtx-trans\" style=\"position: absolute; left: 243px; top: 34.3984px;\">\n<div class=\"gtx-trans-icon\"><\/div>\n<\/div>\n\t\t\n<style>\n#text-1587074113 {\n  font-size: 0.9rem;\n  text-align: right;\n  color: rgb(255,255,255);\n}\n#text-1587074113 > * {\n  color: rgb(255,255,255);\n}\n@media (min-width:550px) {\n  #text-1587074113 {\n    text-align: right;\n  }\n}\n<\/style>\n\t<\/div>\n\t\n\t\t<\/div>\n\t\t\t\t\t<\/div>\n\n\t\n<\/div>\n\t\t<\/div>\n\n\t\t\n<style>\n#section_1858548977 {\n  padding-top: 0px;\n  padding-bottom: 0px;\n  background-color: #013334;\n}\n<\/style>\n\t<\/section>\n\t\n","protected":false},"excerpt":{"rendered":"","protected":false},"author":1,"featured_media":0,"parent":0,"menu_order":0,"comment_status":"closed","ping_status":"closed","template":"page-blank.php","meta":{"_acf_changed":false,"inline_featured_image":false,"footnotes":""},"class_list":["post-2415","page","type-page","status-publish","hentry"],"acf":[],"_links":{"self":[{"href":"https:\/\/vetdix30.com\/en\/wp-json\/wp\/v2\/pages\/2415","targetHints":{"allow":["GET"]}}],"collection":[{"href":"https:\/\/vetdix30.com\/en\/wp-json\/wp\/v2\/pages"}],"about":[{"href":"https:\/\/vetdix30.com\/en\/wp-json\/wp\/v2\/types\/page"}],"author":[{"embeddable":true,"href":"https:\/\/vetdix30.com\/en\/wp-json\/wp\/v2\/users\/1"}],"replies":[{"embeddable":true,"href":"https:\/\/vetdix30.com\/en\/wp-json\/wp\/v2\/comments?post=2415"}],"version-history":[{"count":2,"href":"https:\/\/vetdix30.com\/en\/wp-json\/wp\/v2\/pages\/2415\/revisions"}],"predecessor-version":[{"id":2419,"href":"https:\/\/vetdix30.com\/en\/wp-json\/wp\/v2\/pages\/2415\/revisions\/2419"}],"wp:attachment":[{"href":"https:\/\/vetdix30.com\/en\/wp-json\/wp\/v2\/media?parent=2415"}],"curies":[{"name":"wp","href":"https:\/\/api.w.org\/{rel}","templated":true}]}}